{"id":9,"date":"2018-11-11T21:53:40","date_gmt":"2018-11-11T18:53:40","guid":{"rendered":"http:\/\/silkcompany.md\/?page_id=9"},"modified":"2018-11-12T12:12:54","modified_gmt":"2018-11-12T09:12:54","slug":"despre-noi","status":"publish","type":"page","link":"https:\/\/silkcompany.md\/?page_id=9","title":{"rendered":"Despre noi"},"content":{"rendered":"<p>Silk Company SRL este una dintre cele mai importante companii de pe teritoriul r. Moldova \u00een produc\u021bia \u0219i v\u00e2nzarea de tacamuri \u0219i ambalaje de unic\u0103 folosin\u021b\u0103. De peste 20 de ani am v\u00e2ndut tac\u00e2muri de unic\u0103 folosin\u021b\u0103, ambalaje \u0219i tac\u00e2muri.<br \/>\nCompania Silk Company SRL are contracte existente cu cele mai mari lan\u021buri de comercian\u021bi \u0219i experien\u021b\u0103 \u00een organizarea furniz\u0103rii de evenimente interna\u021bionale, ceea ce pune accentul pe profesionalismul \u00eenalt \u0219i pe fiabilitatea noastr\u0103 excep\u021bional\u0103.<\/p>\n<p>Produc\u021bia de tacamuri \u0219i ambalaje de unic\u0103 folosin\u021b\u0103 este o afacere tehnologic\u0103, inteligent\u0103 \u0219i cu costuri ridicate. Cu toate acestea, pre\u021burile produselor r\u0103m\u00e2n la nivelul pie\u021bei medii. Analiz\u0103m \u00een mod constant situa\u021bia pie\u021bei \u0219i ajust\u0103m pre\u021burile pentru a oferi cele mai bune condi\u021bii clien\u021bilor no\u0219tri.<\/p>\n<p>Un sortiment larg de m\u0103rfuri verificate permite satisfacerea nevoilor diverselor grupuri de consumatori. O linie construit\u0103 de grupuri de produse v\u0103 permite s\u0103 selecta\u021bi produse cu caracteristici diferite &#8211; &#8222;pre\u021b-calitate&#8221; \u0219i s\u0103 crea\u021bi un pachet de produse individuale pentru nevoile specifice \u0219i cererile de pre\u021b ale fiec\u0103rui client.<\/p>\n<p>Nivelul propus de servicii se apropie de standardele europene, conform c\u0103rora func\u021bioneaz\u0103 cei mai mari furnizori europeni. Ne str\u0103duim s\u0103 ne salv\u0103m timpul \u0219i s\u0103 oferim cel mai bun pachet de servicii.<\/p>\n<p>Suntem gata s\u0103 oferim clien\u021bilor no\u0219tri condi\u021bii favorabile de cooperare \u0219i s\u0103 \u00eemp\u0103rt\u0103\u0219im mul\u021bi ani de experien\u021b\u0103.<\/p>\n<p>Gama principal\u0103 de produse este tuburile pentru b\u0103uturi, recipientele din plastic de unic\u0103 folosin\u021b\u0103, seturile de tacamuri de unic\u0103 folosin\u021b\u0103, folia, filmul \u0219i pergamentul. Produc\u021bia companiei este conform\u0103 cu standardele interna\u021bionale de calitate interna\u021bionale ISO 9000\/9001.<\/p>\n","protected":false},"excerpt":{"rendered":"<p>Silk Company SRL este una dintre cele mai importante companii de pe teritoriul r. Moldova \u00een produc\u021bia \u0219i v\u00e2nzarea de tacamuri \u0219i ambalaje de unic\u0103 folosin\u021b\u0103. De peste 20 de ani am v\u00e2ndut tac\u00e2muri de unic\u0103 folosin\u021b\u0103, ambalaje \u0219i tac\u00e2muri. Compania Silk Company SRL are contracte existente cu cele mai mari lan\u021buri de comercian\u021bi \u0219i [&hellip;]<\/p>\n","protected":false},"author":1,"featured_media":0,"parent":0,"menu_order":0,"comment_status":"closed","ping_status":"closed","template":"page-about.php","meta":{"footnotes":""},"class_list":["post-9","page","type-page","status-publish","hentry"],"_links":{"self":[{"href":"https:\/\/silkcompany.md\/index.php?rest_route=\/wp\/v2\/pages\/9","targetHints":{"allow":["GET"]}}],"collection":[{"href":"https:\/\/silkcompany.md\/index.php?rest_route=\/wp\/v2\/pages"}],"about":[{"href":"https:\/\/silkcompany.md\/index.php?rest_route=\/wp\/v2\/types\/page"}],"author":[{"embeddable":true,"href":"https:\/\/silkcompany.md\/index.php?rest_route=\/wp\/v2\/users\/1"}],"replies":[{"embeddable":true,"href":"https:\/\/silkcompany.md\/index.php?rest_route=%2Fwp%2Fv2%2Fcomments&post=9"}],"version-history":[{"count":2,"href":"https:\/\/silkcompany.md\/index.php?rest_route=\/wp\/v2\/pages\/9\/revisions"}],"predecessor-version":[{"id":40,"href":"https:\/\/silkcompany.md\/index.php?rest_route=\/wp\/v2\/pages\/9\/revisions\/40"}],"wp:attachment":[{"href":"https:\/\/silkcompany.md\/index.php?rest_route=%2Fwp%2Fv2%2Fmedia&parent=9"}],"curies":[{"name":"wp","href":"https:\/\/api.w.org\/{rel}","templated":true}]}}